{"id":374,"date":"2023-10-16T15:12:16","date_gmt":"2023-10-16T15:12:16","guid":{"rendered":"https:\/\/patisseriechocolateriemabillot.fr\/?page_id=374"},"modified":"2023-12-15T13:12:07","modified_gmt":"2023-12-15T13:12:07","slug":"nos-engagements","status":"publish","type":"page","link":"https:\/\/patisseriechocolateriemabillot.fr\/index.php\/nos-engagements\/","title":{"rendered":"Nos engagements"},"content":{"rendered":"\t\t<div data-elementor-type=\"wp-page\" data-elementor-id=\"374\" class=\"elementor elementor-374\" data-elementor-post-type=\"page\">\n\t\t\t\t\t\t<section class=\"elementor-section elementor-top-section elementor-element elementor-element-4b97befc elementor-section-boxed elementor-section-height-default elementor-section-height-default\" data-id=\"4b97befc\" data-element_type=\"section\" data-e-type=\"section\" data-settings=\"{&quot;background_background&quot;:&quot;classic&quot;}\">\n\t\t\t\t\t\t\t<div class=\"elementor-background-overlay\"><\/div>\n\t\t\t\t\t\t\t<div class=\"elementor-container elementor-column-gap-default\">\n\t\t\t\t\t<div class=\"elementor-column elementor-col-100 elementor-top-column elementor-element elementor-element-36e2ccc6\" data-id=\"36e2ccc6\" data-element_type=\"column\" data-e-type=\"column\">\n\t\t\t<div class=\"elementor-widget-wrap elementor-element-populated\">\n\t\t\t\t\t\t<div class=\"elementor-element elementor-element-1371b103 elementor-widget elementor-widget-heading\" data-id=\"1371b103\" data-element_type=\"widget\" data-e-type=\"widget\" data-widget_type=\"heading.default\">\n\t\t\t\t<div class=\"elementor-widget-container\">\n\t\t\t\t\t<h2 class=\"elementor-heading-title elementor-size-default\">Nos engagements<\/h2>\t\t\t\t<\/div>\n\t\t\t\t<\/div>\n\t\t\t\t\t<\/div>\n\t\t<\/div>\n\t\t\t\t\t<\/div>\n\t\t<\/section>\n\t\t\t\t<section class=\"elementor-section elementor-top-section elementor-element elementor-element-610aea5d elementor-section-boxed elementor-section-height-default elementor-section-height-default\" data-id=\"610aea5d\" data-element_type=\"section\" data-e-type=\"section\">\n\t\t\t\t\t\t<div class=\"elementor-container elementor-column-gap-default\">\n\t\t\t\t\t<div class=\"elementor-column elementor-col-50 elementor-top-column elementor-element elementor-element-5164ec34\" data-id=\"5164ec34\" data-element_type=\"column\" data-e-type=\"column\" data-settings=\"{&quot;background_background&quot;:&quot;classic&quot;}\">\n\t\t\t<div class=\"elementor-widget-wrap elementor-element-populated\">\n\t\t\t\t\t<div class=\"elementor-background-overlay\"><\/div>\n\t\t\t\t\t\t<div class=\"elementor-element elementor-element-30f84f8 elementor-widget elementor-widget-spacer\" data-id=\"30f84f8\" data-element_type=\"widget\" data-e-type=\"widget\" data-widget_type=\"spacer.default\">\n\t\t\t\t<div class=\"elementor-widget-container\">\n\t\t\t\t\t\t\t<div class=\"elementor-spacer\">\n\t\t\t<div class=\"elementor-spacer-inner\"><\/div>\n\t\t<\/div>\n\t\t\t\t\t\t<\/div>\n\t\t\t\t<\/div>\n\t\t\t\t\t<\/div>\n\t\t<\/div>\n\t\t\t\t<div class=\"elementor-column elementor-col-50 elementor-top-column elementor-element elementor-element-76ec37a4\" data-id=\"76ec37a4\" data-element_type=\"column\" data-e-type=\"column\">\n\t\t\t<div class=\"elementor-widget-wrap elementor-element-populated\">\n\t\t\t\t\t\t<div class=\"elementor-element elementor-element-347bcd8f elementor-widget__width-auto elementor-hidden-phone elementor-absolute elementor-widget elementor-widget-heading\" data-id=\"347bcd8f\" data-element_type=\"widget\" data-e-type=\"widget\" data-settings=\"{&quot;_position&quot;:&quot;absolute&quot;}\" data-widget_type=\"heading.default\">\n\t\t\t\t<div class=\"elementor-widget-container\">\n\t\t\t\t\t<span class=\"elementor-heading-title elementor-size-default\">cacao<\/span>\t\t\t\t<\/div>\n\t\t\t\t<\/div>\n\t\t\t\t<div class=\"elementor-element elementor-element-7798f9d0 elementor-widget elementor-widget-heading\" data-id=\"7798f9d0\" data-element_type=\"widget\" data-e-type=\"widget\" data-widget_type=\"heading.default\">\n\t\t\t\t<div class=\"elementor-widget-container\">\n\t\t\t\t\t<h2 class=\"elementor-heading-title elementor-size-default\">Du chocolat emball\u00e9 dans du papier cacao<\/h2>\t\t\t\t<\/div>\n\t\t\t\t<\/div>\n\t\t\t\t<div class=\"elementor-element elementor-element-35c1f593 elementor-widget elementor-widget-text-editor\" data-id=\"35c1f593\" data-element_type=\"widget\" data-e-type=\"widget\" data-widget_type=\"text-editor.default\">\n\t\t\t\t<div class=\"elementor-widget-container\">\n\t\t\t\t\t\t\t\t\t<p><span style=\"font-weight: 400;\">Face aux d\u00e9fis \u00e9cologiques de notre soci\u00e9t\u00e9, nous nous engageons en vous proposant une gamme d\u2019emballages en PAPIER CACAO.<\/span><\/p><p><span style=\"font-weight: 400;\">Plus de 45 % de coques de cacao valoris\u00e9es pour notre emballage de tablettes.<\/span><\/p><p><span style=\"font-weight: 400;\">Inspir\u00e9 par la nature pour une experience visuelle et sensorielle unique.<\/span><\/p><p><span style=\"font-weight: 400;\">Un parfait exemple d\u2019economie circulaire.<\/span><\/p><p><span style=\"font-weight: 400;\">La cabosse retrouve son usage original : <strong>PROTEGER LE CHOCOLAT!<\/strong><\/span><\/p><p>\u00a0<\/p>\t\t\t\t\t\t\t\t<\/div>\n\t\t\t\t<\/div>\n\t\t\t\t\t<\/div>\n\t\t<\/div>\n\t\t\t\t\t<\/div>\n\t\t<\/section>\n\t\t\t\t<section class=\"elementor-section elementor-top-section elementor-element elementor-element-c413d42 elementor-section-full_width elementor-section-height-default elementor-section-height-default\" data-id=\"c413d42\" data-element_type=\"section\" data-e-type=\"section\">\n\t\t\t\t\t\t<div class=\"elementor-container elementor-column-gap-no\">\n\t\t\t\t\t<div class=\"elementor-column elementor-col-100 elementor-top-column elementor-element elementor-element-0a12517\" data-id=\"0a12517\" data-element_type=\"column\" data-e-type=\"column\">\n\t\t\t<div class=\"elementor-widget-wrap elementor-element-populated\">\n\t\t\t\t\t\t<div class=\"elementor-element elementor-element-4a9b55a elementor-widget elementor-widget-google_maps\" data-id=\"4a9b55a\" data-element_type=\"widget\" data-e-type=\"widget\" data-widget_type=\"google_maps.default\">\n\t\t\t\t<div class=\"elementor-widget-container\">\n\t\t\t\t\t\t\t<div class=\"elementor-custom-embed\">\n\t\t\t<iframe loading=\"lazy\"\n\t\t\t\t\tsrc=\"https:\/\/maps.google.com\/maps?q=Chocolaterie%20mabillot%2C%2049%20Rue%20d%27Angoul%C3%AAme%2C%2016100%20Cognac&#038;t=m&#038;z=10&#038;output=embed&#038;iwloc=near\"\n\t\t\t\t\ttitle=\"Chocolaterie mabillot, 49 Rue d&#039;Angoul\u00eame, 16100 Cognac\"\n\t\t\t\t\taria-label=\"Chocolaterie mabillot, 49 Rue d&#039;Angoul\u00eame, 16100 Cognac\"\n\t\t\t><\/iframe>\n\t\t<\/div>\n\t\t\t\t\t\t<\/div>\n\t\t\t\t<\/div>\n\t\t\t\t\t<\/div>\n\t\t<\/div>\n\t\t\t\t\t<\/div>\n\t\t<\/section>\n\t\t\t\t<\/div>\n\t\t","protected":false},"excerpt":{"rendered":"<p>Nos engagements cacao Du chocolat emball\u00e9 dans du papier cacao Face aux d\u00e9fis \u00e9cologiques de notre soci\u00e9t\u00e9, nous nous engageons en vous proposant une gamme d\u2019emballages en PAPIER CACAO. Plus de 45 % de coques de cacao valoris\u00e9es pour notre emballage de tablettes. Inspir\u00e9 par la nature pour une experience visuelle et sensorielle unique. Un [&hellip;]<\/p>\n","protected":false},"author":1,"featured_media":0,"parent":0,"menu_order":0,"comment_status":"closed","ping_status":"closed","template":"","meta":{"footnotes":""},"class_list":["post-374","page","type-page","status-publish","hentry"],"jetpack_sharing_enabled":true,"_links":{"self":[{"href":"https:\/\/patisseriechocolateriemabillot.fr\/index.php\/wp-json\/wp\/v2\/pages\/374","targetHints":{"allow":["GET"]}}],"collection":[{"href":"https:\/\/patisseriechocolateriemabillot.fr\/index.php\/wp-json\/wp\/v2\/pages"}],"about":[{"href":"https:\/\/patisseriechocolateriemabillot.fr\/index.php\/wp-json\/wp\/v2\/types\/page"}],"author":[{"embeddable":true,"href":"https:\/\/patisseriechocolateriemabillot.fr\/index.php\/wp-json\/wp\/v2\/users\/1"}],"replies":[{"embeddable":true,"href":"https:\/\/patisseriechocolateriemabillot.fr\/index.php\/wp-json\/wp\/v2\/comments?post=374"}],"version-history":[{"count":19,"href":"https:\/\/patisseriechocolateriemabillot.fr\/index.php\/wp-json\/wp\/v2\/pages\/374\/revisions"}],"predecessor-version":[{"id":500,"href":"https:\/\/patisseriechocolateriemabillot.fr\/index.php\/wp-json\/wp\/v2\/pages\/374\/revisions\/500"}],"wp:attachment":[{"href":"https:\/\/patisseriechocolateriemabillot.fr\/index.php\/wp-json\/wp\/v2\/media?parent=374"}],"curies":[{"name":"wp","href":"https:\/\/api.w.org\/{rel}","templated":true}]}}